{"id":11504,"date":"2025-04-17T11:15:22","date_gmt":"2025-04-17T14:15:22","guid":{"rendered":"https:\/\/totalpass.com\/br\/blog\/?page_id=11504"},"modified":"2025-04-17T11:15:23","modified_gmt":"2025-04-17T14:15:23","slug":"materiais","status":"publish","type":"page","link":"https:\/\/totalpass.com\/br\/blog\/materiais\/","title":{"rendered":"Materiais"},"content":{"rendered":"","protected":false},"excerpt":{"rendered":"","protected":false},"author":10,"featured_media":0,"parent":0,"menu_order":0,"comment_status":"closed","ping_status":"closed","template":"template-materiais.php","meta":{"_acf_changed":false,"footnotes":""},"class_list":["post-11504","page","type-page","status-publish","hentry"],"acf":[],"yoast_head":"<!-- This site is optimized with the Yoast SEO plugin v27.1.1 - https:\/\/yoast.com\/product\/yoast-seo-wordpress\/ -->\n<title>Materiais - Blog da TotalPass<\/title>\n<meta name=\"robots\" content=\"index, follow, max-snippet:-1, max-image-preview:large, max-video-preview:-1\" \/>\n<link rel=\"canonical\" href=\"https:\/\/totalpass.com\/br\/blog\/materiais\/\" \/>\n<meta property=\"og:locale\" content=\"pt_BR\" \/>\n<meta property=\"og:type\" content=\"article\" \/>\n<meta property=\"og:title\" content=\"Materiais - Blog da TotalPass\" \/>\n<meta property=\"og:url\" content=\"https:\/\/totalpass.com\/br\/blog\/materiais\/\" \/>\n<meta property=\"og:site_name\" content=\"Blog da TotalPass\" \/>\n<meta property=\"article:publisher\" content=\"https:\/\/www.facebook.com\/totalpassbrasil\" \/>\n<meta property=\"article:modified_time\" content=\"2025-04-17T14:15:23+00:00\" \/>\n<meta name=\"twitter:card\" content=\"summary_large_image\" \/>\n<meta name=\"twitter:site\" content=\"@totalpassbr\" \/>\n<script type=\"application\/ld+json\" class=\"yoast-schema-graph\">{\"@context\":\"https:\/\/schema.org\",\"@graph\":[{\"@type\":\"WebPage\",\"@id\":\"https:\/\/totalpass.com\/br\/blog\/materiais\/\",\"url\":\"https:\/\/totalpass.com\/br\/blog\/materiais\/\",\"name\":\"Materiais - Blog da TotalPass\",\"isPartOf\":{\"@id\":\"https:\/\/totalpass.com\/br\/blog\/#website\"},\"datePublished\":\"2025-04-17T14:15:22+00:00\",\"dateModified\":\"2025-04-17T14:15:23+00:00\",\"breadcrumb\":{\"@id\":\"https:\/\/totalpass.com\/br\/blog\/materiais\/#breadcrumb\"},\"inLanguage\":\"pt-BR\",\"potentialAction\":[{\"@type\":\"ReadAction\",\"target\":[\"https:\/\/totalpass.com\/br\/blog\/materiais\/\"]}]},{\"@type\":\"BreadcrumbList\",\"@id\":\"https:\/\/totalpass.com\/br\/blog\/materiais\/#breadcrumb\",\"itemListElement\":[{\"@type\":\"ListItem\",\"position\":1,\"name\":\"In\u00edcio\",\"item\":\"https:\/\/totalpass.com\/br\/blog\/\"},{\"@type\":\"ListItem\",\"position\":2,\"name\":\"Materiais\"}]},{\"@type\":\"WebSite\",\"@id\":\"https:\/\/totalpass.com\/br\/blog\/#website\",\"url\":\"https:\/\/totalpass.com\/br\/blog\/\",\"name\":\"Blog da TotalPass\",\"description\":\"Tudo sobre alimenta\u00e7\u00e3o saud\u00e1vel, dicas de treinos, sa\u00fade, bem-estar, esportes e informa\u00e7\u00f5es sobre recursos humanos. Nosso blog \u00e9 totalmente voc\u00ea!\",\"publisher\":{\"@id\":\"https:\/\/totalpass.com\/br\/blog\/#organization\"},\"potentialAction\":[{\"@type\":\"SearchAction\",\"target\":{\"@type\":\"EntryPoint\",\"urlTemplate\":\"https:\/\/totalpass.com\/br\/blog\/?s={search_term_string}\"},\"query-input\":{\"@type\":\"PropertyValueSpecification\",\"valueRequired\":true,\"valueName\":\"search_term_string\"}}],\"inLanguage\":\"pt-BR\"},{\"@type\":\"Organization\",\"@id\":\"https:\/\/totalpass.com\/br\/blog\/#organization\",\"name\":\"TotalPass\",\"url\":\"https:\/\/totalpass.com\/br\/blog\/\",\"logo\":{\"@type\":\"ImageObject\",\"inLanguage\":\"pt-BR\",\"@id\":\"https:\/\/totalpass.com\/br\/blog\/#\/schema\/logo\/image\/\",\"url\":\"https:\/\/totalpass.com\/wp-content\/uploads\/2020\/01\/Icons-_-Neon_Black.png\",\"contentUrl\":\"https:\/\/totalpass.com\/wp-content\/uploads\/2020\/01\/Icons-_-Neon_Black.png\",\"width\":1182,\"height\":1182,\"caption\":\"TotalPass\"},\"image\":{\"@id\":\"https:\/\/totalpass.com\/br\/blog\/#\/schema\/logo\/image\/\"},\"sameAs\":[\"https:\/\/www.facebook.com\/totalpassbrasil\",\"https:\/\/x.com\/totalpassbr\",\"https:\/\/www.instagram.com\/totalpass\",\"https:\/\/www.linkedin.com\/company\/totalpassbrasil\",\"https:\/\/www.youtube.com\/c\/TotalPassBrasil\"]}]}<\/script>\n<!-- \/ Yoast SEO plugin. -->","yoast_head_json":{"title":"Materiais - Blog da TotalPass","robots":{"index":"index","follow":"follow","max-snippet":"max-snippet:-1","max-image-preview":"max-image-preview:large","max-video-preview":"max-video-preview:-1"},"canonical":"https:\/\/totalpass.com\/br\/blog\/materiais\/","og_locale":"pt_BR","og_type":"article","og_title":"Materiais - Blog da TotalPass","og_url":"https:\/\/totalpass.com\/br\/blog\/materiais\/","og_site_name":"Blog da TotalPass","article_publisher":"https:\/\/www.facebook.com\/totalpassbrasil","article_modified_time":"2025-04-17T14:15:23+00:00","twitter_card":"summary_large_image","twitter_site":"@totalpassbr","schema":{"@context":"https:\/\/schema.org","@graph":[{"@type":"WebPage","@id":"https:\/\/totalpass.com\/br\/blog\/materiais\/","url":"https:\/\/totalpass.com\/br\/blog\/materiais\/","name":"Materiais - Blog da TotalPass","isPartOf":{"@id":"https:\/\/totalpass.com\/br\/blog\/#website"},"datePublished":"2025-04-17T14:15:22+00:00","dateModified":"2025-04-17T14:15:23+00:00","breadcrumb":{"@id":"https:\/\/totalpass.com\/br\/blog\/materiais\/#breadcrumb"},"inLanguage":"pt-BR","potentialAction":[{"@type":"ReadAction","target":["https:\/\/totalpass.com\/br\/blog\/materiais\/"]}]},{"@type":"BreadcrumbList","@id":"https:\/\/totalpass.com\/br\/blog\/materiais\/#breadcrumb","itemListElement":[{"@type":"ListItem","position":1,"name":"In\u00edcio","item":"https:\/\/totalpass.com\/br\/blog\/"},{"@type":"ListItem","position":2,"name":"Materiais"}]},{"@type":"WebSite","@id":"https:\/\/totalpass.com\/br\/blog\/#website","url":"https:\/\/totalpass.com\/br\/blog\/","name":"Blog da TotalPass","description":"Tudo sobre alimenta\u00e7\u00e3o saud\u00e1vel, dicas de treinos, sa\u00fade, bem-estar, esportes e informa\u00e7\u00f5es sobre recursos humanos. Nosso blog \u00e9 totalmente voc\u00ea!","publisher":{"@id":"https:\/\/totalpass.com\/br\/blog\/#organization"},"potentialAction":[{"@type":"SearchAction","target":{"@type":"EntryPoint","urlTemplate":"https:\/\/totalpass.com\/br\/blog\/?s={search_term_string}"},"query-input":{"@type":"PropertyValueSpecification","valueRequired":true,"valueName":"search_term_string"}}],"inLanguage":"pt-BR"},{"@type":"Organization","@id":"https:\/\/totalpass.com\/br\/blog\/#organization","name":"TotalPass","url":"https:\/\/totalpass.com\/br\/blog\/","logo":{"@type":"ImageObject","inLanguage":"pt-BR","@id":"https:\/\/totalpass.com\/br\/blog\/#\/schema\/logo\/image\/","url":"https:\/\/totalpass.com\/wp-content\/uploads\/2020\/01\/Icons-_-Neon_Black.png","contentUrl":"https:\/\/totalpass.com\/wp-content\/uploads\/2020\/01\/Icons-_-Neon_Black.png","width":1182,"height":1182,"caption":"TotalPass"},"image":{"@id":"https:\/\/totalpass.com\/br\/blog\/#\/schema\/logo\/image\/"},"sameAs":["https:\/\/www.facebook.com\/totalpassbrasil","https:\/\/x.com\/totalpassbr","https:\/\/www.instagram.com\/totalpass","https:\/\/www.linkedin.com\/company\/totalpassbrasil","https:\/\/www.youtube.com\/c\/TotalPassBrasil"]}]}},"_links":{"self":[{"href":"https:\/\/totalpass.com\/br\/blog\/wp-json\/wp\/v2\/pages\/11504","targetHints":{"allow":["GET"]}}],"collection":[{"href":"https:\/\/totalpass.com\/br\/blog\/wp-json\/wp\/v2\/pages"}],"about":[{"href":"https:\/\/totalpass.com\/br\/blog\/wp-json\/wp\/v2\/types\/page"}],"author":[{"embeddable":true,"href":"https:\/\/totalpass.com\/br\/blog\/wp-json\/wp\/v2\/users\/10"}],"replies":[{"embeddable":true,"href":"https:\/\/totalpass.com\/br\/blog\/wp-json\/wp\/v2\/comments?post=11504"}],"version-history":[{"count":1,"href":"https:\/\/totalpass.com\/br\/blog\/wp-json\/wp\/v2\/pages\/11504\/revisions"}],"predecessor-version":[{"id":11505,"href":"https:\/\/totalpass.com\/br\/blog\/wp-json\/wp\/v2\/pages\/11504\/revisions\/11505"}],"wp:attachment":[{"href":"https:\/\/totalpass.com\/br\/blog\/wp-json\/wp\/v2\/media?parent=11504"}],"curies":[{"name":"wp","href":"https:\/\/api.w.org\/{rel}","templated":true}]}}